
{"id":5910,"date":"2023-03-25T11:59:17","date_gmt":"2023-03-25T10:59:17","guid":{"rendered":"https:\/\/mini-put.com\/versand-und-rueckgabe\/"},"modified":"2023-05-08T16:04:51","modified_gmt":"2023-05-08T14:04:51","slug":"versand-und-rueckgabe","status":"publish","type":"page","link":"https:\/\/mini-put.com\/de\/versand-und-rueckgabe\/","title":{"rendered":"Versand und R\u00fcckgabe"},"content":{"rendered":"<div class=\"fusion-fullwidth fullwidth-box fusion-builder-row-1 fusion-flex-container has-pattern-background has-mask-background nonhundred-percent-fullwidth non-hundred-percent-height-scrolling\" style=\"--awb-border-radius-top-left:0px;--awb-border-radius-top-right:0px;--awb-border-radius-bottom-right:0px;--awb-border-radius-bottom-left:0px;--awb-flex-wrap:wrap;\" ><div class=\"fusion-builder-row fusion-row fusion-flex-align-items-flex-start fusion-flex-content-wrap\" style=\"max-width:1320.8px;margin-left: calc(-4% \/ 2 );margin-right: calc(-4% \/ 2 );\"><div class=\"fusion-layout-column fusion_builder_column fusion-builder-column-0 fusion_builder_column_1_1 1_1 fusion-flex-column\" style=\"--awb-bg-size:cover;--awb-width-large:100%;--awb-margin-top-large:25px;--awb-spacing-right-large:1.92%;--awb-margin-bottom-large:25px;--awb-spacing-left-large:1.92%;--awb-width-medium:100%;--awb-order-medium:0;--awb-spacing-right-medium:1.92%;--awb-spacing-left-medium:1.92%;--awb-width-small:100%;--awb-order-small:0;--awb-spacing-right-small:1.92%;--awb-spacing-left-small:1.92%;\"><div class=\"fusion-column-wrapper fusion-column-has-shadow fusion-flex-justify-content-flex-start fusion-content-layout-column\"><div class=\"fusion-title title fusion-title-1 fusion-sep-none fusion-title-text fusion-title-size-one\" style=\"--awb-margin-top-small:8px;--awb-margin-right-small:0px;--awb-margin-bottom-small:16px;--awb-margin-left-small:0px;\"><h1 class=\"fusion-title-heading title-heading-left fusion-responsive-typography-calculated\" style=\"margin:0;--fontSize:60;line-height:var(--awb-typography1-line-height);\">Versand und R\u00fcckgabe<\/h1><\/div><div class=\"fusion-text fusion-text-1\"><div class=\"elementor-element elementor-element-86988ef elementor-widget elementor-widget-text-editor\" data-id=\"86988ef\" data-element_type=\"widget\" data-widget_type=\"text-editor.default\">\n<div class=\"elementor-widget-container\">\n<p>Nach dem Kauf erhalten Sie eine Best\u00e4tigungsmail. <b>Bitte beachten Sie, dass der im Webshop angegebene Preis keine Z\u00f6lle oder Steuern enth\u00e4lt.<\/b><\/p>\n<p>Zus\u00e4tzliche Steuer- und Zollkosten werden anfallen, wenn der Versand ausserhalb der Schweiz &amp; F\u00fcrstentum Liechtenstein erfolgt. Diese Kosten sind vom Empf\u00e4nger des Produkts zu tragen. In den Kosten sind Mehrwertsteuer des Landes und Zollgeb\u00fchren enthalten. DOLFINOS stellt ein Dokument zur Verf\u00fcgung, das die zus\u00e4tzlichen Kosten, die je nach Land anfallen k\u00f6nnen, aufzeigt. Bitte beachten Sie jedoch, dass die H\u00f6he der Zollgeb\u00fchren nicht genau vorhergesagt werden kann und die tats\u00e4chlichen Kosten von den im Dokument angegebenen abweichen k\u00f6nnen.<\/p>\n<p>Lieferzeit<\/p>\n<p>Schweiz: innerhalb einer Woche<\/p>\n<p>EU: eine bis drei Wochen<\/p>\n<p>Alle annderen L\u00e4nder: zwei bis vier Wochen<\/p>\n<p><i>Bitte beachten Sie, dass aufgrund der weltweiten Pandemie Verz\u00f6gerungen beim Versand m\u00f6glich sind. Bitte planen Sie zus\u00e4tzliche Zeit ein, bis Ihre Bestellung bei Ihnen eintrifft. <\/i><\/p>\n<\/div>\n<\/div>\n<div class=\"elementor-element elementor-element-7ee50fe elementor-widget elementor-widget-heading\" data-id=\"7ee50fe\" data-element_type=\"widget\" data-widget_type=\"heading.default\">\n<div class=\"elementor-widget-container\">\n<h2 class=\"elementor-heading-title elementor-size-default fusion-responsive-typography-calculated\" style=\"--fontsize: 44; line-height: 1.26;\" data-fontsize=\"44\" data-lineheight=\"55.439999px\">R\u00fcckgabe<\/h2>\n<\/div>\n<\/div>\n<div class=\"elementor-element elementor-element-85374a1 elementor-widget elementor-widget-text-editor\" data-id=\"85374a1\" data-element_type=\"widget\" data-widget_type=\"text-editor.default\">\n<div class=\"elementor-widget-container\">\n<p>Wenn Sie Ihre Bestellung zur\u00fcckgeben oder umtauschen m\u00f6chten, aus welchem Grund auch immer, helfen wir gerne. Sie k\u00f6nnen Ihr Produkt innerhalb von 30 Tagen nach Zustellung des Produkts zur\u00fcckschicken<b> <\/b>f\u00fcr eine Gutschrift f\u00fcr den Webshop, ein anderes Produkt oder eine R\u00fcckerstattung auf die urspr\u00fcngliche Zahlungsmethode.<\/p>\n<p>Bitte beachten Sie die folgenden Ausnahmen von unseren R\u00fcckgabe- und Erstattungsrichtlinien:<\/p>\n<p>Zur\u00fcckgegebene Artikel m\u00fcssen in der Originalverpackung retourniert werden.<\/p>\n<p>Zur\u00fcckgegebene Artikel m\u00fcssen im neuwertigen Zustand sein und d\u00fcrfen keine sichtbaren Gebrauchsspuren aufweisen.<\/p>\n<p>Antworten Sie auf Ihre Bestellbest\u00e4tigungsmail und anzufragen, welche Produkte Sie zur\u00fcckgeben m\u00f6chten. Sie erhalten ein Etikett an Ihre E-Mail-Adresse, das Sie ausdrucken und auf die R\u00fccksendebox anbringen m\u00fcssen Sie k\u00f6nnen das Paket zu Ihrer lokalen Postfiliale bringen und zur\u00fccksenden. Bitte beachten Sie, dass Kunden f\u00fcr die Versandkosten aufkommen. DOLFINOS AG \u00fcbernimmt keine Versandkosten f\u00fcr Produktr\u00fcckgaben. DOLFINOS AG wird nach Erhalt der Widerrufserkl\u00e4rung alle erhaltenen Zahlungen zur\u00fcckerstatten, ausgenommen Zollgeb\u00fchren, Liefer- und R\u00fccksendekosten sowie Verpackungskosten. Dies geschieht innerhalb von 30 Tagen durch R\u00fcckzahlung \u00fcber die f\u00fcr die urspr\u00fcngliche Transaktion verwendete Zahlungsmethode.<\/p>\n<p>Wir empfehlen einen Versand mit Sendungsverfolg und und Transportversicherung. DOLFINOS AG haftet nicht f\u00fcr verlorene Sendungen. Besch\u00e4digte Produkte werden nicht zur\u00fcckerstattet.<\/p>\n<p>Wenn Sie Fragen haben, kontaktieren Sie uns bitte unter miniput@dolfinos.com<\/p>\n<\/div>\n<\/div>\n<\/div><\/div><\/div><\/div><\/div>\n","protected":false},"excerpt":{"rendered":"","protected":false},"author":1,"featured_media":0,"parent":0,"menu_order":0,"comment_status":"closed","ping_status":"closed","template":"","meta":{"footnotes":""},"class_list":["post-5910","page","type-page","status-publish","hentry"],"_links":{"self":[{"href":"https:\/\/mini-put.com\/de\/wp-json\/wp\/v2\/pages\/5910","targetHints":{"allow":["GET"]}}],"collection":[{"href":"https:\/\/mini-put.com\/de\/wp-json\/wp\/v2\/pages"}],"about":[{"href":"https:\/\/mini-put.com\/de\/wp-json\/wp\/v2\/types\/page"}],"author":[{"embeddable":true,"href":"https:\/\/mini-put.com\/de\/wp-json\/wp\/v2\/users\/1"}],"replies":[{"embeddable":true,"href":"https:\/\/mini-put.com\/de\/wp-json\/wp\/v2\/comments?post=5910"}],"version-history":[{"count":8,"href":"https:\/\/mini-put.com\/de\/wp-json\/wp\/v2\/pages\/5910\/revisions"}],"predecessor-version":[{"id":6017,"href":"https:\/\/mini-put.com\/de\/wp-json\/wp\/v2\/pages\/5910\/revisions\/6017"}],"wp:attachment":[{"href":"https:\/\/mini-put.com\/de\/wp-json\/wp\/v2\/media?parent=5910"}],"curies":[{"name":"wp","href":"https:\/\/api.w.org\/{rel}","templated":true}]}}