
{"id":5923,"date":"2023-03-25T11:58:00","date_gmt":"2023-03-25T10:58:00","guid":{"rendered":"https:\/\/mini-put.com\/allgemeine-geschaeftsbedingungen\/"},"modified":"2023-05-05T14:45:28","modified_gmt":"2023-05-05T12:45:28","slug":"allgemeine-geschaeftsbedingungen","status":"publish","type":"page","link":"https:\/\/mini-put.com\/de\/allgemeine-geschaeftsbedingungen\/","title":{"rendered":"Allgemeine Gesch\u00e4ftsbedingungen"},"content":{"rendered":"<div class=\"fusion-fullwidth fullwidth-box fusion-builder-row-1 fusion-flex-container has-pattern-background has-mask-background nonhundred-percent-fullwidth non-hundred-percent-height-scrolling\" style=\"--awb-border-radius-top-left:0px;--awb-border-radius-top-right:0px;--awb-border-radius-bottom-right:0px;--awb-border-radius-bottom-left:0px;--awb-flex-wrap:wrap;\" ><div class=\"fusion-builder-row fusion-row fusion-flex-align-items-flex-start fusion-flex-content-wrap\" style=\"max-width:1320.8px;margin-left: calc(-4% \/ 2 );margin-right: calc(-4% \/ 2 );\"><div class=\"fusion-layout-column fusion_builder_column fusion-builder-column-0 fusion_builder_column_1_1 1_1 fusion-flex-column\" style=\"--awb-bg-size:cover;--awb-width-large:100%;--awb-margin-top-large:25px;--awb-spacing-right-large:1.92%;--awb-margin-bottom-large:25px;--awb-spacing-left-large:1.92%;--awb-width-medium:100%;--awb-order-medium:0;--awb-spacing-right-medium:1.92%;--awb-spacing-left-medium:1.92%;--awb-width-small:100%;--awb-order-small:0;--awb-spacing-right-small:1.92%;--awb-spacing-left-small:1.92%;\"><div class=\"fusion-column-wrapper fusion-column-has-shadow fusion-flex-justify-content-flex-start fusion-content-layout-column\"><div class=\"fusion-text fusion-text-1\"><p><b>Allgemeine Gesch\u00e4ftsbedingungen der DOLFINOS GmbH f\u00fcr den Onlineshop&lt;www.mini-put.com&gt;<\/b><\/p>\n<ol>\n<li><b>Umfang und G\u00fcltigkeit <\/b><\/li>\n<\/ol>\n<p>1.1.The purchase of products from the online shop &lt;www.mini-put.com&gt; (\u201e<b>Onlineshop<\/b>\u201c), die von der DOLFINOS AG, einer im Handelsregister des Kantons Aargau, Schweiz, unter der Firmennummer CHE-408.777.608 eingetragenen Gesellschaft mit Sitz in Baden und Adresse Bruggerstrasse 37, 5400 Baden, Schweiz, (\u201e<b>DOLFINOS AG<\/b>\u201c) betrieben wird, wird ausschlie\u00dflich nach Massgabe dieser Allgemeinen Gesch\u00e4ftsbedingungen (\u201e<b>AGB<\/b>\u201c) und die Datenschutzerkl\u00e4rung der DOLFINOS AG. Mit der Bestellung des Kunden gelten diese AGB und die Datenschutzerkl\u00e4rung als vom Kunden akzeptiert. M\u00f6chte der Kunde die vorliegenden AGB und Datenschutzerkl\u00e4rung nicht akzeptieren, muss der Kunde von einer Bestellung absehen.<\/p>\n<p>1.2. Diese AGB und Datenschutzerkl\u00e4rung k\u00f6nnen von der DOLFINOS AG jederzeit ge\u00e4ndert werden. Der Kunde sollte daher vor jeder neuen Bestellung die AGB und Datenschutzerkl\u00e4rung pr\u00fcfen. Der Kunde ist bei Auftragserteilung an die jeweils aktuellen AGB und Datenschutzerkl\u00e4rung gebunden.<\/p>\n<ol start=\"2\">\n<li><b>Bestellung und Lieferung<\/b><\/li>\n<\/ol>\n<p>2.1. Die Produktdarstellung im Onlineshop stellt kein verbindliches Angebot zum Abschluss eines Kaufvertrages dar, sondern ist lediglich ein unverbindlicher Online-Katalog von Produkten der DOLFINOS AG. Die Bestellung des Kunden stellt ein verbindliches Kaufangebot dar, das DOLFINOS AG. bei Verf\u00fcgbarkeit durch Zusendung einer Auftragsbest\u00e4tigung per E-Mail annimmt.<\/p>\n<p>2.2. Die bestellten Produkte werden versandt nachdem der volle Kaufpreis gem\u00e4ss Ziffer 3.1. dieser AGB dem Konto der DOLFINOS AG gutgeschrieben wurde, wodurch keine Lieferfrist garantiert wird.<\/p>\n<p>2.3 Die Gefahren gehen mit \u00dcbergabe der bestellten Produkte zur Lieferung durch DOLFINOS AG an das Lieferunternehmen auf den Kunden \u00fcber.<\/p>\n<ol start=\"3\">\n<li><b>Preis und Zahlung<\/b><\/li>\n<\/ol>\n<p>3.1. Es gelten die zum Zeitpunkt der Bestellung im Onlineshop angezeigten Preise. Die Preise sind in CHF, EUR und USD angegeben. Hinzu kommen die jeweils g\u00fcltige gesetzliche Mehrwertsteuer und ggf. Z\u00f6lle und Zuschl\u00e4ge f\u00fcr bestimmte Zahlungsarten sowie die Verpackungs- und Versandkosten. Befindet sich die Lieferadresse in der Schweiz oder in Liechtenstein, kommen die zus\u00e4tzlichen Kosten am Ende des Bestellvorgangs hinzu und werden alle in der Bestell\u00fcbersicht vor dem Absenden der Bestellung angezeigt. Bei Lieferungen in alle oben nicht aufgef\u00fchrten L\u00e4nder sind die gesetzliche Mehrwertsteuer und Z\u00f6lle bei Zustellung der Bestellung vom Empf\u00e4nger zu entrichten. Davon ausgenommen sind Bestellungen mit einem Gesamtbetrag unter 135 \u00a3 und mit einer Lieferadresse im Vereinigten K\u00f6nigreich. Die zus\u00e4tzlichen Kosten kommen ebenfalls am Ende des Bestellvorgangs hinzu und werden alle in der Bestell\u00fcbersicht vor dem Absenden der Bestellung angezeigt.<\/p>\n<p>3.2. Zahlungen m\u00fcssen per Kreditkarte (Mastercard, Visa oder American Express), Bank\u00fcberweisung oder PayPal nach der Bestellung erfolgen. Nach Absenden der Bestellung wird der Kunde zur Zahlung auf die Website des Kreditkartenunternehmens, Sofort\u00fcberweisung oder Paypal weitergeleitet.<\/p>\n<ol start=\"4\">\n<li><b>Widerrufsrecht und R\u00fcckerstattung<\/b><\/li>\n<\/ol>\n<p>4.1 Der Kunde ist berechtigt, innerhalb von 15 Tagen vom Kaufvertrag zur\u00fcckzutreten. Zur\u00fcckgegebene Artikel m\u00fcssen in der Originalverpackung retourniert werden. Zur\u00fcckgegebene Artikel m\u00fcssen im neuwertigen Zustand sein und d\u00fcrfen keine sichtbaren Gebrauchsspuren aufweisen. Der Kunde kann sein Widerrufsrecht innerhalb von 30 Tagen nach Zustellung der Ware aus\u00fcben. Um dieses Widerrufsrecht auszu\u00fcben, muss der Kunde die DOLFINOS AG per E-Mail an miniput@dolfinos.com (unter Angabe der Bestellnummer) \u00fcber den Widerruf informieren und die gelieferte Ware an die entsprechende Adresse zur\u00fccksenden, die in den Versand- und R\u00fcckgabebedingungen zu finden ist. Um sein Widerrufsrecht auszu\u00fcben, muss der Kunde die Ware innerhalb von 30 Tagen nach Lieferung auf seine Kosten zur\u00fccksenden. F\u00fcr Waren, die beim Transport verloren gehen, wird kein Ersatz geleistet.<\/p>\n<p>4.2 Wenn der Kunde vom Kauf zur\u00fccktritt, erstattet DOLFINOS AG alle vom Kunden erhaltenen Zahlungen ohne Versandkosten, Verpackungskosten nach Erhalt der Widerrufserkl\u00e4rung und des zur\u00fcckgegebenen Produkts innerhalb von 30 Tagen durch R\u00fcckerstattung \u00fcber die f\u00fcr die urspr\u00fcngliche Transaktion verwendete Zahlungsmethode, vorbehaltlich Ziffer 4.3 dieser AGB.<\/p>\n<p>4.3 DOLFINOS AG ist berechtigt, die R\u00fcckerstattung zur\u00fcckzuhalten oder zu k\u00fcrzen, wenn das zur\u00fcckgegebene Produkt besch\u00e4digt ist.<\/p>\n<ol start=\"5\">\n<li><b>M\u00e4ngel und Gew\u00e4hrleistung<\/b><\/li>\n<\/ol>\n<p>5.1 Der Kunde erkl\u00e4rt und garantiert, dass er\/sie die Produkte in strikter \u00dcbereinstimmung mit den von DOLFINOS AG. herausgegebenen Gebrauchsanweisungen verwenden wird.<\/p>\n<p>5.2 DOLFINOS AG garantiert dem Kunden, dass die Produkte der Beschreibung im Onlineshop entsprechen und garantiert ferner, dass die tragenden Elemente der Produkte keine M\u00e4ngel infolge von Material- oder Herstellungsfehlern aufweisen, die den Wert oder die Tauglichkeit des Produkts erheblich mindern, f\u00fcr einen Zeitraum von 2 Jahren ab den Gefahren\u00fcbergang gem\u00e4ss Ziffer 2.3 dieser AGB. Jede weitergehende Gew\u00e4hrleistung ist ausgeschlossen, insbesondere: Sollte ein Kunde eine individuelle Allergie gegen das Material der Produkte haben oder Schmerzen durch Haltungssch\u00e4den erleiden, tr\u00e4gt dies allein der Kunde. Der Kunde hat die Ware unverz\u00fcglich nach Erhalt auf offensichtliche M\u00e4ngel zu untersuchen. Die Geltendmachung offensichtlicher M\u00e4ngel ist 15 Tage nach Erhalt der Ware ausgeschlossen. Um sein Recht auf M\u00e4ngelgew\u00e4hrleistung geltend zu machen, muss der Kunde das Produkt unter Angabe der korrekten Bestell- und Rechnungsnummer und einer genauen schriftlichen Beschreibung des Mangels per Einschreiben an DOLFINOS AG. zur\u00fccksenden. Durch die Erbringung von Garantieleistungen wird die Garantiezeit f\u00fcr das Produkt weder verl\u00e4ngert noch erneuert.<\/p>\n<p>5.3 M\u00e4ngel an nicht tragenden Elementen der Produkte, Sch\u00e4den, die durch unsachgem\u00e4sse Behandlung der Produkte bzw. anders als im Produkthandbuch angegeben, verursacht wurden, Sch\u00e4den, die durch fahrl\u00e4ssige Behandlung verursacht wurden, die Verwendung ungeeigneten Zubeh\u00f6rs oder Ver\u00e4nderungen der Originalteile durch den Kunden oder Dritte, Gebrauchsspuren sowie geringf\u00fcgige Abweichungen von der bestimmungsgem\u00e4ssen Beschaffenheit, die den Wert der Produkte nicht wesentlich beeintr\u00e4chtigen oder deren Gebrauchstauglichkeit, fallen nicht unter die Gew\u00e4hrleistung.<\/p>\n<p>5.4 Produktm\u00e4ngel, die von der DOLFINOS AG als garantiepflichtig anerkannt werden, werden nach freiem Ermessen der DOLFINOS AG wie folgt behoben: (a) das mangelhafte Produkt wird kostenlos repariert, oder (b) das mangelhafte Produkt wird durch a voll funktionsf\u00e4higes Produkt oder ggf. ein Nachfolgemodell, oder (c) R\u00fccktritt vom Kaufvertrag und R\u00fcckerstattung aller vom Kunden f\u00fcr das mangelhafte Produkt erhaltenen Zahlungen. Ersetzte Produkte und Komponenten werden Eigentum von DOLFINOS AG.<\/p>\n<p>5.5 Nur Kunden von DOLFINOS AG. k\u00f6nnen Anspr\u00fcche aus dieser Garantie geltend machen; die Anspr\u00fcche sind nicht \u00fcbertragbar.<\/p>\n<ol start=\"6\">\n<li><b>Haftung<\/b><\/li>\n<\/ol>\n<p>6.1. DOLFINOS AG haftet dem Kunden ausschliesslich f\u00fcr Sch\u00e4den, die dem Kunden als direkte Folge seines Verschuldens bei der Erf\u00fcllung seiner Verpflichtungen aus diesen AGB entstehen.<\/p>\n<p>6.2. Die Haftung der DOLFINOS AG ist auf die H\u00f6he des vom Kunden gezahlten Kaufpreises beschr\u00e4nkt.<\/p>\n<p>6.3. Ungeachtet des Abschnitts 6.1 lehnt DOLFINOS AG im gr\u00f6sstm\u00f6glichen Umfang nach geltendem Recht jegliche Haftung gegen\u00fcber dem Kunden aufgrund einfacher Fahrl\u00e4ssigkeit sowie f\u00fcr indirekte oder Folgesch\u00e4den (einschliesslich Sch\u00e4den an den Instrumenten), entgangenen Gewinn und Datenverlust ab Betriebsunterbrechung.<\/p>\n<ol start=\"7\">\n<li><b>Geistiges Eigentum<\/b><\/li>\n<\/ol>\n<p>Der Onlineshop, die darauf ver\u00f6ffentlichten Inhalte und die Produkte sind und bleiben geistiges Eigentum der DOLFINOS AG oder ihrer Vertragspartner. Der Onlineshop und seine Inhalte d\u00fcrfen f\u00fcr Bestellungen im Onlineshop genutzt werden, die gekauften Warenmuster werden dem Kunden zur Nutzung und Weiter\u00fcbertragung nach Wahl des Kunden \u00fcberlassen. Jede andere Nutzung durch den Kunden, insbesondere die Vervielf\u00e4ltigung und Verbreitung von Kopien, ist untersagt.<\/p>\n<ol start=\"8\">\n<li><b>Anwendbares Recht und Gerichtsstand <\/b><\/li>\n<\/ol>\n<p>8.1. Auf die Beziehung zwischen der DOLFINOS AG und dem Kunden ist materielles Schweizer Recht anwendbar, Kollisionsnormen und Abkommen, insbesondere das \u00dcbereinkommen der Vereinten Nationen \u00fcber den internationalen Warenkauf, sind ausgeschlossen.<\/p>\n<p>8.2. Ausschliesslicher Gerichtsstand sind die ordentlichen Gerichte am Sitz der DOLFINOS AG.<\/p>\n<ol start=\"9\">\n<li><b>Allgemeine Bestimmungen<\/b><\/li>\n<\/ol>\n<p>9.1. Mitteilungen und Zustellungen der DOLFINOS AG an den Kunden gelten als g\u00fcltig, wenn sie an die vom Kunden der DOLFINOS AG in der Bestellung mitgeteilte Adresse erfolgen.<\/p>\n<p>9.2. Sollten eine oder mehrere Bestimmungen dieser AGB unwirksam sein oder werden, ber\u00fchrt dies die G\u00fcltigkeit der \u00fcbrigen Bestimmungen nicht. Unwirksame Bestimmung(en) sind durch Bestimmung(en) zu ersetzen, die dem angestrebten wirtschaftlichen Zweck der unwirksamen Bestimmung(en) am n\u00e4chsten kommen.<\/p>\n<p>Version: 18.04.2023<\/p>\n<\/div><\/div><\/div><\/div><\/div>\n","protected":false},"excerpt":{"rendered":"","protected":false},"author":1,"featured_media":0,"parent":0,"menu_order":0,"comment_status":"closed","ping_status":"closed","template":"","meta":{"footnotes":""},"class_list":["post-5923","page","type-page","status-publish","hentry"],"_links":{"self":[{"href":"https:\/\/mini-put.com\/de\/wp-json\/wp\/v2\/pages\/5923","targetHints":{"allow":["GET"]}}],"collection":[{"href":"https:\/\/mini-put.com\/de\/wp-json\/wp\/v2\/pages"}],"about":[{"href":"https:\/\/mini-put.com\/de\/wp-json\/wp\/v2\/types\/page"}],"author":[{"embeddable":true,"href":"https:\/\/mini-put.com\/de\/wp-json\/wp\/v2\/users\/1"}],"replies":[{"embeddable":true,"href":"https:\/\/mini-put.com\/de\/wp-json\/wp\/v2\/comments?post=5923"}],"version-history":[{"count":2,"href":"https:\/\/mini-put.com\/de\/wp-json\/wp\/v2\/pages\/5923\/revisions"}],"predecessor-version":[{"id":5925,"href":"https:\/\/mini-put.com\/de\/wp-json\/wp\/v2\/pages\/5923\/revisions\/5925"}],"wp:attachment":[{"href":"https:\/\/mini-put.com\/de\/wp-json\/wp\/v2\/media?parent=5923"}],"curies":[{"name":"wp","href":"https:\/\/api.w.org\/{rel}","templated":true}]}}