
{"id":9276,"date":"2023-09-15T14:22:39","date_gmt":"2023-09-15T12:22:39","guid":{"rendered":"https:\/\/mini-put.com\/product\/antirutschband\/"},"modified":"2023-09-15T14:22:39","modified_gmt":"2023-09-15T12:22:39","slug":"antirutschband","status":"publish","type":"product","link":"https:\/\/mini-put.com\/de\/produkt\/antirutschband\/","title":{"rendered":"Antirutschband"},"content":{"rendered":"<p>Das Antirutschband ist ein unverzichtbares Zubeh\u00f6r, um sicherzustellen, dass Ihre Noten w\u00e4hrend Auff\u00fchrungen an ihrem Platz bleiben. Bleiben Sie fokussiert und machen Sie sich keine Sorgen mehr \u00fcber rutschende Noten. <\/p>\n<ul>\n<li>Verhindert, dass Ihre Noten w\u00e4hrend Pr\u00e4sentationen oder Auff\u00fchrungen verrutschen.<\/li>\n<li>Selbstklebend und einfach anzubringen. Passt auf die meisten Standard-Notenst\u00e4nder<\/li>\n<li>Hergestellt aus langlebigen und hochwertigen Materialien f\u00fcr eine lange Nutzungsdauer<\/li>\n<li>Kann individuell auf Ihre Bed\u00fcrfnisse zugeschnitten werden<\/li>\n<\/ul>\n<div id=\"accel-snackbar\" style=\"left: 50%; transform: translate(-50%, 0px); top: 50px;\"><\/div>\n","protected":false},"excerpt":{"rendered":"<p><strong>MwSt. ist nur bei Bestellungenunter 135 GBP \/ 150 EUR in EU-L\u00e4nder und dasVereinigte K\u00f6nigreich\/EU enthalten. Weitere Informationen finden Sie in unseren Versandrichtlinien. <\/strong><\/p>\n<p>Das Antirutschband ist ein unverzichtbares Zubeh\u00f6r, um sicherzustellen, dass Ihre Noten w\u00e4hrend Auff\u00fchrungen an ihrem Platz bleiben. Bleiben Sie fokussiert und machen Sie sich keine Sorgen mehr \u00fcber rutschende Noten. <\/p>\n<div id=\"accel-snackbar\" style=\"left: 50%; transform: translate(-50%, 0px); top: 50px;\"><\/div>\n","protected":false},"featured_media":8043,"comment_status":"open","ping_status":"closed","template":"","meta":[],"product_brand":[],"product_cat":[857,859],"product_tag":[862],"class_list":{"0":"post-9276","1":"product","2":"type-product","3":"status-publish","4":"has-post-thumbnail","6":"product_cat-add-ons-de","7":"product_cat-add-ons-ersatzteile","8":"product_tag-add-ons-de","10":"first","11":"instock","12":"taxable","13":"shipping-taxable","14":"purchasable","15":"product-type-simple"},"_links":{"self":[{"href":"https:\/\/mini-put.com\/de\/wp-json\/wp\/v2\/product\/9276","targetHints":{"allow":["GET"]}}],"collection":[{"href":"https:\/\/mini-put.com\/de\/wp-json\/wp\/v2\/product"}],"about":[{"href":"https:\/\/mini-put.com\/de\/wp-json\/wp\/v2\/types\/product"}],"replies":[{"embeddable":true,"href":"https:\/\/mini-put.com\/de\/wp-json\/wp\/v2\/comments?post=9276"}],"wp:featuredmedia":[{"embeddable":true,"href":"https:\/\/mini-put.com\/de\/wp-json\/wp\/v2\/media\/8043"}],"wp:attachment":[{"href":"https:\/\/mini-put.com\/de\/wp-json\/wp\/v2\/media?parent=9276"}],"wp:term":[{"taxonomy":"product_brand","embeddable":true,"href":"https:\/\/mini-put.com\/de\/wp-json\/wp\/v2\/product_brand?post=9276"},{"taxonomy":"product_cat","embeddable":true,"href":"https:\/\/mini-put.com\/de\/wp-json\/wp\/v2\/product_cat?post=9276"},{"taxonomy":"product_tag","embeddable":true,"href":"https:\/\/mini-put.com\/de\/wp-json\/wp\/v2\/product_tag?post=9276"}],"curies":[{"name":"wp","href":"https:\/\/api.w.org\/{rel}","templated":true}]}}