
{"id":9282,"date":"2023-10-25T14:48:52","date_gmt":"2023-10-25T12:48:52","guid":{"rendered":"https:\/\/mini-put.com\/product\/notenpult\/"},"modified":"2023-10-25T14:48:52","modified_gmt":"2023-10-25T12:48:52","slug":"notenpult","status":"publish","type":"product","link":"https:\/\/mini-put.com\/de\/produkt\/notenpult\/","title":{"rendered":"Notenpult"},"content":{"rendered":"<p>Der <em>miniput<\/em> Notenpult ist ideal f\u00fcr Pr\u00e4sentationen und Musiknteon. Verwenden Sie sie als praktisches Dokumentenablage f\u00fcr Ihre Pr\u00e4sentationen oder als leichtes Notenpult f\u00fcr Ihre Musikst\u00fccke. Dank des innovativen und patentierten Designs ist der <em>miniput<\/em> deutlich leichter als andere traditionelle Notenst\u00e4nder und Stative.  <\/p>\n<p>Der 23 x 50 cm grosse Notenpult bietet genug Platz f\u00fcr 3 A4-Seiten nebeneinander.<\/p>\n<ul>\n<li>Perfekt f\u00fcr Notenbl\u00e4tter, Papierdokumente, Zeitschriften usw.<\/li>\n<li>Gr\u00f6sse: 23 x 50 cm<\/li>\n<li>Ultraleicht (0.2 kg ohne Stativ)<\/li>\n<li>Belastbarkeit: 1kg<\/li>\n<li>Erh\u00e4ltlich in Schwarz, Rot oder Gelb<\/li>\n<\/ul>\n","protected":false},"excerpt":{"rendered":"<p><strong>Die Mehrwertsteuer ist nur bei Bestellungen unter 135 GBP \/ 150 EUR in EU-L\u00e4nder und das Vereinigte K\u00f6nigreich\/EU enthalten. Weitere Informationen finden Sie in unseren Versandrichtlinien. <\/strong><\/p>\n<p>Dieser Notenpult ist ein praktisches Dokumentenablage f\u00fcr Ihre Pr\u00e4sentationen oder ein leichter Notenst\u00e4nder, auf dem Sie Ihre Notenbl\u00e4tter ablegen k\u00f6nnen. Dank des innovativen und patentierten Designs ist der <em>miniput<\/em> deutlich leichter als herk\u00f6mmliche Notenst\u00e4nder und Stative. <\/p>\n<ul>\n<li>Perfekt f\u00fcr Notenbl\u00e4tter, Papierdokumente, Zeitschriften usw.<\/li>\n<li>Gr\u00f6sse: 23 x 50 cm<\/li>\n<li>Ultraleicht (0.2 kg ohne Stativ)<\/li>\n<li>Belastbarkeit: 1kg<\/li>\n<li>Erh\u00e4ltlich in Schwarz, Rot oder Gelb<\/li>\n<\/ul>\n<div id=\"accel-snackbar\" style=\"left: 50%; transform: translate(-50%, 0px); top: 50px;\"><\/div>\n","protected":false},"featured_media":8039,"comment_status":"open","ping_status":"closed","template":"","meta":[],"product_brand":[],"product_cat":[857,859],"product_tag":[862],"class_list":{"0":"post-9282","1":"product","2":"type-product","3":"status-publish","4":"has-post-thumbnail","6":"product_cat-add-ons-de","7":"product_cat-add-ons-ersatzteile","8":"product_tag-add-ons-de","10":"first","11":"instock","12":"taxable","13":"shipping-taxable","14":"purchasable","15":"product-type-variable"},"_links":{"self":[{"href":"https:\/\/mini-put.com\/de\/wp-json\/wp\/v2\/product\/9282","targetHints":{"allow":["GET"]}}],"collection":[{"href":"https:\/\/mini-put.com\/de\/wp-json\/wp\/v2\/product"}],"about":[{"href":"https:\/\/mini-put.com\/de\/wp-json\/wp\/v2\/types\/product"}],"replies":[{"embeddable":true,"href":"https:\/\/mini-put.com\/de\/wp-json\/wp\/v2\/comments?post=9282"}],"wp:featuredmedia":[{"embeddable":true,"href":"https:\/\/mini-put.com\/de\/wp-json\/wp\/v2\/media\/8039"}],"wp:attachment":[{"href":"https:\/\/mini-put.com\/de\/wp-json\/wp\/v2\/media?parent=9282"}],"wp:term":[{"taxonomy":"product_brand","embeddable":true,"href":"https:\/\/mini-put.com\/de\/wp-json\/wp\/v2\/product_brand?post=9282"},{"taxonomy":"product_cat","embeddable":true,"href":"https:\/\/mini-put.com\/de\/wp-json\/wp\/v2\/product_cat?post=9282"},{"taxonomy":"product_tag","embeddable":true,"href":"https:\/\/mini-put.com\/de\/wp-json\/wp\/v2\/product_tag?post=9282"}],"curies":[{"name":"wp","href":"https:\/\/api.w.org\/{rel}","templated":true}]}}