
{"id":9286,"date":"2023-10-25T15:14:52","date_gmt":"2023-10-25T13:14:52","guid":{"rendered":"https:\/\/mini-put.com\/product\/miniput-stativ\/"},"modified":"2023-10-25T15:14:52","modified_gmt":"2023-10-25T13:14:52","slug":"miniput-stativ","status":"publish","type":"product","link":"https:\/\/mini-put.com\/de\/produkt\/miniput-stativ\/","title":{"rendered":"miniput Stativ"},"content":{"rendered":"<p>Das <em>miniput<\/em>-Stativ besteht aus leichtem, robustem Aluminium, was f\u00fcr eine leichtere Reisetasche sorgt. Das zusammenklappbare Stativ kann problemlos in einer Tragetasche verstaut werden, die nur 28 cm lang ist.  Einfach aufzubauen. H\u00f6henverstellbar bis zu 119 cm. 0.34 kg, 28 cm lang<\/p>\n<p>H\u00f6he und Winkel einfach verstellbar: F\u00fcnf Twist-and-Lock Abschnitte erlauben stufenlose Verstellbarkeit. Passen Sie die H\u00f6he ganz einfach mit nur einer Drehung von 34 cm auf 119 cm an. Der Winkel des Ger\u00e4ts ist zwischen 0-75\u00b0 f\u00fcr den gew\u00fcnschten Betrachtungswinkel einstellbar.<\/p>\n<p>Der <em>miniput<\/em> ist ideal f\u00fcr eine Vielzahl von Anwendungen, darunter das Ansehen von Videos, das Mitverfolgen von Home-Workout-Videos, das Lesen von E-Books, Pr\u00e4sentationen usw. Das Notenpult dient als praktisches Dokumentenablage f\u00fcr Ihre Pr\u00e4sentationen oder als Notenst\u00e4nder f\u00fcr Musiknoten. Videos anschauen, Pr\u00e4sentationen, Indoor- und Outdoor-Aktivit\u00e4ten und mehr.  <\/p>\n<p>Dieses Produkt wird ohne Smartphone-Halter, Tablet-Halter oder Notenpult geliefert. Finden Sie hier Ihr bevorzugtes <b>Zubeh\u00f6r<\/b>. <\/p>\n","protected":false},"excerpt":{"rendered":"<p><strong>MwSt. ist nur bei Bestellungenunter 135 GBP \/ 150 EUR in EU-L\u00e4nder und dasVereinigte K\u00f6nigreich\/EU enthalten. Weitere Informationen finden Sie in unseren Versandrichtlinien. <\/strong><\/p>\n<p>Das <em>miniput<\/em>-Stativ ist kompatibel mit dem <em>miniput MagSafe-Smartphone-Halter<\/em>, dem <em>miniput Tablet-Halter<\/em> und dem <em>miniput-Notenpult<\/em>. Mit dem Fokus auf Leichtigkeit und Kompaktheit erm\u00f6glicht das schlanke, knauffreie Design, dass Sie Ihr <em>miniput<\/em> problemlos verstauen k\u00f6nnen, ohne sich Sorgen machen zu m\u00fcssen, dass es irgendwo h\u00e4ngen bleibt. <\/p>\n<ul>\n<li>Schlankes &amp; knauffreies Design<\/li>\n<li>Leicht &amp; kompakt (0.34 kg, 28cm long)<\/li>\n<li>H\u00f6henbereich: 34-119 cm<\/li>\n<li>Tragf\u00e4higkeit: 1 kg<\/li>\n<li>Enth\u00e4lt: 1x Basis-Stange, 3x Beine <\/li>\n<li>Kommt mit einer praktischen Tragetasche<\/li>\n<\/ul>\n<div id=\"accel-snackbar\" style=\"left: 50%; transform: translate(-50%, 0px); top: 50px;\"><\/div>\n","protected":false},"featured_media":7717,"comment_status":"open","ping_status":"closed","template":"","meta":[],"product_brand":[],"product_cat":[859],"product_tag":[863],"class_list":{"0":"post-9286","1":"product","2":"type-product","3":"status-publish","4":"has-post-thumbnail","6":"product_cat-add-ons-ersatzteile","7":"product_tag-ersatzteile","9":"first","10":"instock","11":"taxable","12":"shipping-taxable","13":"purchasable","14":"product-type-simple"},"_links":{"self":[{"href":"https:\/\/mini-put.com\/de\/wp-json\/wp\/v2\/product\/9286","targetHints":{"allow":["GET"]}}],"collection":[{"href":"https:\/\/mini-put.com\/de\/wp-json\/wp\/v2\/product"}],"about":[{"href":"https:\/\/mini-put.com\/de\/wp-json\/wp\/v2\/types\/product"}],"replies":[{"embeddable":true,"href":"https:\/\/mini-put.com\/de\/wp-json\/wp\/v2\/comments?post=9286"}],"wp:featuredmedia":[{"embeddable":true,"href":"https:\/\/mini-put.com\/de\/wp-json\/wp\/v2\/media\/7717"}],"wp:attachment":[{"href":"https:\/\/mini-put.com\/de\/wp-json\/wp\/v2\/media?parent=9286"}],"wp:term":[{"taxonomy":"product_brand","embeddable":true,"href":"https:\/\/mini-put.com\/de\/wp-json\/wp\/v2\/product_brand?post=9286"},{"taxonomy":"product_cat","embeddable":true,"href":"https:\/\/mini-put.com\/de\/wp-json\/wp\/v2\/product_cat?post=9286"},{"taxonomy":"product_tag","embeddable":true,"href":"https:\/\/mini-put.com\/de\/wp-json\/wp\/v2\/product_tag?post=9286"}],"curies":[{"name":"wp","href":"https:\/\/api.w.org\/{rel}","templated":true}]}}