
{"id":9287,"date":"2023-10-26T17:36:58","date_gmt":"2023-10-26T15:36:58","guid":{"rendered":"https:\/\/mini-put.com\/product\/bluetooth-kamera-ausloeser\/"},"modified":"2023-10-26T17:36:58","modified_gmt":"2023-10-26T15:36:58","slug":"bluetooth-kamera-ausloeser","status":"publish","type":"product","link":"https:\/\/mini-put.com\/de\/produkt\/bluetooth-kamera-ausloeser\/","title":{"rendered":"Bluetooth Kamera-Ausl\u00f6ser"},"content":{"rendered":"<p>Machen Sie tolle Bilder mit diesem Bluetooth-Kamera-Ausl\u00f6ser! Dieser leichte Kamera-Ausl\u00f6ser passt in jede Tasche und l\u00e4sst sich problemlos mit jedem Smartphone koppeln. Es ist keine zus\u00e4tzliche App erforderlich.  <\/p>\n<ul>\n<li>Kompatibel mit Android und iOS.<\/li>\n<li>Reichweite: 10 m<\/li>\n<li>Gewicht: 11g<\/li>\n<li>Gr\u00f6sse: 5 x 3 cm<\/li>\n<li><span class=\"s1\">Batterie: Inkl. 1x CR2032 Knopfzelle<\/span><\/li>\n<\/ul>\n<div id=\"accel-snackbar\" style=\"left: 50%; transform: translate(-50%, 0px); top: 50px;\"><\/div>\n","protected":false},"excerpt":{"rendered":"<p><strong>Die Mehrwertsteuer ist nur bei Bestellungen unter 135 GBP \/ 150 EUR in EU-L\u00e4nder und das Vereinigte K\u00f6nigreich enthalten. Weitere Informationen finden Sie in unseren Versandrichtlinien. <\/strong><\/p>\n<p>Machen Sie tolle Bilder mit diesem Bluetooth-Kamera-Ausl\u00f6ser! Dieser leichte Kamera-Ausl\u00f6ser passt in jede Tasche und l\u00e4sst sich problemlos mit jedem Smartphone koppeln. Es ist keine zus\u00e4tzliche App erforderlich.  <\/p>\n<ul>\n<li>Kompatibel mit Android und iOS.<\/li>\n<li>Reichweite: 10 m<\/li>\n<li>Gewicht: 11g<\/li>\n<li>Farbe: Schwarz<\/li>\n<li><span class=\"s1\">Batterie: Inkl. 1x CR2032 Knopfzelle<\/span><\/li>\n<\/ul>\n","protected":false},"featured_media":7766,"comment_status":"open","ping_status":"closed","template":"","meta":[],"product_brand":[],"product_cat":[857,859],"product_tag":[856],"class_list":{"0":"post-9287","1":"product","2":"type-product","3":"status-publish","4":"has-post-thumbnail","6":"product_cat-add-ons-de","7":"product_cat-add-ons-ersatzteile","8":"product_tag-add-on-de","10":"first","11":"instock","12":"taxable","13":"shipping-taxable","14":"purchasable","15":"product-type-simple"},"_links":{"self":[{"href":"https:\/\/mini-put.com\/de\/wp-json\/wp\/v2\/product\/9287","targetHints":{"allow":["GET"]}}],"collection":[{"href":"https:\/\/mini-put.com\/de\/wp-json\/wp\/v2\/product"}],"about":[{"href":"https:\/\/mini-put.com\/de\/wp-json\/wp\/v2\/types\/product"}],"replies":[{"embeddable":true,"href":"https:\/\/mini-put.com\/de\/wp-json\/wp\/v2\/comments?post=9287"}],"wp:featuredmedia":[{"embeddable":true,"href":"https:\/\/mini-put.com\/de\/wp-json\/wp\/v2\/media\/7766"}],"wp:attachment":[{"href":"https:\/\/mini-put.com\/de\/wp-json\/wp\/v2\/media?parent=9287"}],"wp:term":[{"taxonomy":"product_brand","embeddable":true,"href":"https:\/\/mini-put.com\/de\/wp-json\/wp\/v2\/product_brand?post=9287"},{"taxonomy":"product_cat","embeddable":true,"href":"https:\/\/mini-put.com\/de\/wp-json\/wp\/v2\/product_cat?post=9287"},{"taxonomy":"product_tag","embeddable":true,"href":"https:\/\/mini-put.com\/de\/wp-json\/wp\/v2\/product_tag?post=9287"}],"curies":[{"name":"wp","href":"https:\/\/api.w.org\/{rel}","templated":true}]}}