
{"id":9288,"date":"2023-10-30T17:11:49","date_gmt":"2023-10-30T16:11:49","guid":{"rendered":"https:\/\/mini-put.com\/product\/magnetischer-ring\/"},"modified":"2023-10-30T17:11:49","modified_gmt":"2023-10-30T16:11:49","slug":"magnetischer-ring","status":"publish","type":"product","link":"https:\/\/mini-put.com\/de\/produkt\/magnetischer-ring\/","title":{"rendered":"Magnetischer Ring"},"content":{"rendered":"<p>Machen Sie Ihr Smartphone kompatibel mit MagSafe-Zubeh\u00f6r! Der selbstklebende magnetische Ring funktioniert mit iPhone- und Android-Ger\u00e4ten. Dieses Produkt ist f\u00fcr ein einmaliges Ankleben konzipiert.  <\/p>\n<div id=\"accel-snackbar\" style=\"left: 50%; transform: translate(-50%, 0px); top: 50px;\"><\/div>\n","protected":false},"excerpt":{"rendered":"<p><strong>Die Mehrwertsteuer ist nur bei Bestellungen unter 135 GBP \/ 150 EUR in EU-L\u00e4nder und das Vereinigte K\u00f6nigreich\/EU enthalten. Weitere Informationen finden Sie in unseren Versandrichtlinien. <\/strong><\/p>\n<p>Machen Sie Ihr Smartphone kompatibel mit MagSafe-Zubeh\u00f6r! Der selbstklebende magnetische Ring funktioniert f\u00fcr iPhone- und Android-Ger\u00e4te. <\/p>\n<ul>\n<li>Durchmesser: 6.5 cm \/ 2.5 in<\/li>\n<li>Dieses Produkt ist f\u00fcr ein einmaliges Ankleben konzipiert.<\/li>\n<\/ul>\n<div id=\"accel-snackbar\" style=\"left: 50%; transform: translate(-50%, 0px); top: 50px;\"><\/div>\n","protected":false},"featured_media":8005,"comment_status":"open","ping_status":"closed","template":"","meta":[],"product_brand":[],"product_cat":[857,859],"product_tag":[856,863],"class_list":{"0":"post-9288","1":"product","2":"type-product","3":"status-publish","4":"has-post-thumbnail","6":"product_cat-add-ons-de","7":"product_cat-add-ons-ersatzteile","8":"product_tag-add-on-de","9":"product_tag-ersatzteile","11":"first","12":"instock","13":"taxable","14":"shipping-taxable","15":"purchasable","16":"product-type-simple"},"_links":{"self":[{"href":"https:\/\/mini-put.com\/de\/wp-json\/wp\/v2\/product\/9288","targetHints":{"allow":["GET"]}}],"collection":[{"href":"https:\/\/mini-put.com\/de\/wp-json\/wp\/v2\/product"}],"about":[{"href":"https:\/\/mini-put.com\/de\/wp-json\/wp\/v2\/types\/product"}],"replies":[{"embeddable":true,"href":"https:\/\/mini-put.com\/de\/wp-json\/wp\/v2\/comments?post=9288"}],"wp:featuredmedia":[{"embeddable":true,"href":"https:\/\/mini-put.com\/de\/wp-json\/wp\/v2\/media\/8005"}],"wp:attachment":[{"href":"https:\/\/mini-put.com\/de\/wp-json\/wp\/v2\/media?parent=9288"}],"wp:term":[{"taxonomy":"product_brand","embeddable":true,"href":"https:\/\/mini-put.com\/de\/wp-json\/wp\/v2\/product_brand?post=9288"},{"taxonomy":"product_cat","embeddable":true,"href":"https:\/\/mini-put.com\/de\/wp-json\/wp\/v2\/product_cat?post=9288"},{"taxonomy":"product_tag","embeddable":true,"href":"https:\/\/mini-put.com\/de\/wp-json\/wp\/v2\/product_tag?post=9288"}],"curies":[{"name":"wp","href":"https:\/\/api.w.org\/{rel}","templated":true}]}}