
{"id":9289,"date":"2023-11-13T11:07:17","date_gmt":"2023-11-13T10:07:17","guid":{"rendered":"https:\/\/mini-put.com\/product\/textil-rueckwand\/"},"modified":"2023-11-13T11:07:17","modified_gmt":"2023-11-13T10:07:17","slug":"textil-rueckwand","status":"publish","type":"product","link":"https:\/\/mini-put.com\/de\/produkt\/textil-rueckwand\/","title":{"rendered":"Textil-R\u00fcckwand"},"content":{"rendered":"","protected":false},"excerpt":{"rendered":"<p><strong>Die Mehrwertsteuer ist nur bei Bestellungen unter 135 GBP \/ 150 EUR in EU-L\u00e4nder und das Vereinigte K\u00f6nigreich\/EU enthalten. Weitere Informationen finden Sie in unseren Versandrichtlinien. <\/strong><\/p>\n<p>Textil-R\u00fcckwand f\u00fcr den miniput Notenst\u00e4nder (Notenpult nicht inbegriffen)<\/p>\n<ul>\n<li>Erh\u00e4ltlich in Schwarz, Rot oder Gelb<\/li>\n<\/ul>\n<div id=\"accel-snackbar\" style=\"left: 50%; transform: translate(-50%, 0px); top: 50px;\"><\/div>\n","protected":false},"featured_media":8355,"comment_status":"open","ping_status":"closed","template":"","meta":[],"product_brand":[],"product_cat":[859],"product_tag":[856,863],"class_list":{"0":"post-9289","1":"product","2":"type-product","3":"status-publish","4":"has-post-thumbnail","6":"product_cat-add-ons-ersatzteile","7":"product_tag-add-on-de","8":"product_tag-ersatzteile","10":"first","11":"instock","12":"taxable","13":"shipping-taxable","14":"purchasable","15":"product-type-variable"},"_links":{"self":[{"href":"https:\/\/mini-put.com\/de\/wp-json\/wp\/v2\/product\/9289","targetHints":{"allow":["GET"]}}],"collection":[{"href":"https:\/\/mini-put.com\/de\/wp-json\/wp\/v2\/product"}],"about":[{"href":"https:\/\/mini-put.com\/de\/wp-json\/wp\/v2\/types\/product"}],"replies":[{"embeddable":true,"href":"https:\/\/mini-put.com\/de\/wp-json\/wp\/v2\/comments?post=9289"}],"wp:featuredmedia":[{"embeddable":true,"href":"https:\/\/mini-put.com\/de\/wp-json\/wp\/v2\/media\/8355"}],"wp:attachment":[{"href":"https:\/\/mini-put.com\/de\/wp-json\/wp\/v2\/media?parent=9289"}],"wp:term":[{"taxonomy":"product_brand","embeddable":true,"href":"https:\/\/mini-put.com\/de\/wp-json\/wp\/v2\/product_brand?post=9289"},{"taxonomy":"product_cat","embeddable":true,"href":"https:\/\/mini-put.com\/de\/wp-json\/wp\/v2\/product_cat?post=9289"},{"taxonomy":"product_tag","embeddable":true,"href":"https:\/\/mini-put.com\/de\/wp-json\/wp\/v2\/product_tag?post=9289"}],"curies":[{"name":"wp","href":"https:\/\/api.w.org\/{rel}","templated":true}]}}